{"id":121,"date":"2017-09-05T22:17:36","date_gmt":"2017-09-05T22:17:36","guid":{"rendered":"https:\/\/www.ferien-wohnung-schoemberg.de\/wp-fws\/?page_id=121"},"modified":"2020-12-15T16:59:10","modified_gmt":"2020-12-15T16:59:10","slug":"anfahrt","status":"publish","type":"page","link":"https:\/\/www.ferien-wohnung-schoemberg.de\/wp-fws\/anfahrt\/","title":{"rendered":"Anfahrt"},"content":{"rendered":"<h2>Anfahrt<\/h2>\n<p>Sch\u00f6mberg ist \u00fcber die B27 sehr gut mit dem Auto zu erreichen. F\u00fcr die Eingabe in ein Navigationsger\u00e4t eignet sich die Angabe: R\u00f6merweg 7, 72355 Sch\u00f6mberg (Zollernalbkreis).<\/p>\n<p><iframe loading=\"lazy\" style=\"border: 0;\" src=\"https:\/\/www.google.com\/maps\/embed?pb=!1m18!1m12!1m3!1d2658.945670998598!2d8.763069216006837!3d48.20766237922915!2m3!1f0!2f0!3f0!3m2!1i1024!2i768!4f13.1!3m3!1m2!1s0x4790a7c6c2b3f80b%3A0xfc5c302e3e5e9b95!2sR%C3%B6merweg+7%2C+72355+Sch%C3%B6mberg!5e0!3m2!1sde!2sde!4v1504642444947\" width=\"600\" height=\"450\" frameborder=\"0\" allowfullscreen=\"allowfullscreen\"><\/iframe><\/p>\n<p>Die Anreise mit den \u00f6ffentlichen Verkehrsmitteln per Zug oder Bus ist ebenso m\u00f6glich. Lassen Sie sich dazu eine Fahrplanauskunft bei der Bahn (<a href=\"https:\/\/www.bahn.de\">www.bahn.de<\/a>) oder\u00a0dem Verkehrsbund Rottweil (<a href=\"http:\/\/www.vvr-info.de\">www.vvr-info.de<\/a>) erstellen.<\/p>\n<p>Wir w\u00fcnschen Ihnen eine gute Anreise.<\/p>\n","protected":false},"excerpt":{"rendered":"<p>Anfahrt Sch\u00f6mberg ist \u00fcber die B27 sehr gut mit dem Auto zu erreichen. F\u00fcr die Eingabe in ein Navigationsger\u00e4t eignet sich die Angabe: R\u00f6merweg 7, 72355 Sch\u00f6mberg (Zollernalbkreis). Die Anreise mit den \u00f6ffentlichen Verkehrsmitteln per Zug oder Bus ist ebenso m\u00f6glich. Lassen Sie sich dazu eine Fahrplanauskunft bei der Bahn (www.bahn.de) oder\u00a0dem Verkehrsbund Rottweil (www.vvr-info.de) &hellip; <\/p>\n<p class=\"link-more\"><a href=\"https:\/\/www.ferien-wohnung-schoemberg.de\/wp-fws\/anfahrt\/\" class=\"more-link\"><span class=\"screen-reader-text\">\u201eAnfahrt\u201c <\/span>weiterlesen<\/a><\/p>\n","protected":false},"author":1,"featured_media":0,"parent":0,"menu_order":4,"comment_status":"closed","ping_status":"closed","template":"","meta":{"footnotes":""},"class_list":["post-121","page","type-page","status-publish","hentry"],"_links":{"self":[{"href":"https:\/\/www.ferien-wohnung-schoemberg.de\/wp-fws\/wp-json\/wp\/v2\/pages\/121","targetHints":{"allow":["GET"]}}],"collection":[{"href":"https:\/\/www.ferien-wohnung-schoemberg.de\/wp-fws\/wp-json\/wp\/v2\/pages"}],"about":[{"href":"https:\/\/www.ferien-wohnung-schoemberg.de\/wp-fws\/wp-json\/wp\/v2\/types\/page"}],"author":[{"embeddable":true,"href":"https:\/\/www.ferien-wohnung-schoemberg.de\/wp-fws\/wp-json\/wp\/v2\/users\/1"}],"replies":[{"embeddable":true,"href":"https:\/\/www.ferien-wohnung-schoemberg.de\/wp-fws\/wp-json\/wp\/v2\/comments?post=121"}],"version-history":[{"count":11,"href":"https:\/\/www.ferien-wohnung-schoemberg.de\/wp-fws\/wp-json\/wp\/v2\/pages\/121\/revisions"}],"predecessor-version":[{"id":248,"href":"https:\/\/www.ferien-wohnung-schoemberg.de\/wp-fws\/wp-json\/wp\/v2\/pages\/121\/revisions\/248"}],"wp:attachment":[{"href":"https:\/\/www.ferien-wohnung-schoemberg.de\/wp-fws\/wp-json\/wp\/v2\/media?parent=121"}],"curies":[{"name":"wp","href":"https:\/\/api.w.org\/{rel}","templated":true}]}}