{"id":2,"date":"2017-08-31T17:33:44","date_gmt":"2017-08-31T17:33:44","guid":{"rendered":"http:\/\/www.ferien-wohnung-schoemberg.de\/wp-fws\/?page_id=2"},"modified":"2023-06-07T14:47:09","modified_gmt":"2023-06-07T14:47:09","slug":"sample-page","status":"publish","type":"page","link":"https:\/\/www.ferien-wohnung-schoemberg.de\/wp-fws\/sample-page\/","title":{"rendered":"Kontakt"},"content":{"rendered":"<h2>Reservierung<\/h2>\n<p>Kontaktieren Sie uns im Falle von Fragen oder wenn Sie eine Reservierung machen m\u00f6chten. Aktuelle Preise befinden sich <a href=\"https:\/\/www.ferien-wohnung-schoemberg.de\/wp-fws\/bilder\/\">hier<\/a>.<\/p>\n<table>\n<tbody>\n<tr>\n<td><strong>Adresse:<\/strong><\/td>\n<td>R\u00f6merweg 7, 72355 Sch\u00f6mberg (Zollernalbkreis)<\/td>\n<\/tr>\n<tr>\n<td><strong>Telefon:<\/strong><\/td>\n<td>07427\/7509 \u00a0 \u00a0 \u00a0 \u00a0 \u00a0 (Festnetz)<br \/>\n0176\/43634606\u00a0 (Mobil)<\/td>\n<\/tr>\n<tr>\n<td><strong>E-Mail:<\/strong><\/td>\n<td>kuni.dann@gmx.de<\/td>\n<\/tr>\n<\/tbody>\n<\/table>\n<p><!-- Noch frei? Der Kalender zeigt Ihnen noch m\u00f6gliche Zeitr\u00e4ume f\u00fcr eine Reservierung an. [sbc title=\"no\"]\n\n\n\n<hr \/>\n\n\n\n--><\/p>\n","protected":false},"excerpt":{"rendered":"<p>Reservierung Kontaktieren Sie uns im Falle von Fragen oder wenn Sie eine Reservierung machen m\u00f6chten. Aktuelle Preise befinden sich hier. Adresse: R\u00f6merweg 7, 72355 Sch\u00f6mberg (Zollernalbkreis) Telefon: 07427\/7509 \u00a0 \u00a0 \u00a0 \u00a0 \u00a0 (Festnetz) 0176\/43634606\u00a0 (Mobil) E-Mail: kuni.dann@gmx.de<\/p>\n","protected":false},"author":1,"featured_media":0,"parent":0,"menu_order":3,"comment_status":"closed","ping_status":"closed","template":"","meta":{"footnotes":""},"class_list":["post-2","page","type-page","status-publish","hentry"],"_links":{"self":[{"href":"https:\/\/www.ferien-wohnung-schoemberg.de\/wp-fws\/wp-json\/wp\/v2\/pages\/2","targetHints":{"allow":["GET"]}}],"collection":[{"href":"https:\/\/www.ferien-wohnung-schoemberg.de\/wp-fws\/wp-json\/wp\/v2\/pages"}],"about":[{"href":"https:\/\/www.ferien-wohnung-schoemberg.de\/wp-fws\/wp-json\/wp\/v2\/types\/page"}],"author":[{"embeddable":true,"href":"https:\/\/www.ferien-wohnung-schoemberg.de\/wp-fws\/wp-json\/wp\/v2\/users\/1"}],"replies":[{"embeddable":true,"href":"https:\/\/www.ferien-wohnung-schoemberg.de\/wp-fws\/wp-json\/wp\/v2\/comments?post=2"}],"version-history":[{"count":33,"href":"https:\/\/www.ferien-wohnung-schoemberg.de\/wp-fws\/wp-json\/wp\/v2\/pages\/2\/revisions"}],"predecessor-version":[{"id":269,"href":"https:\/\/www.ferien-wohnung-schoemberg.de\/wp-fws\/wp-json\/wp\/v2\/pages\/2\/revisions\/269"}],"wp:attachment":[{"href":"https:\/\/www.ferien-wohnung-schoemberg.de\/wp-fws\/wp-json\/wp\/v2\/media?parent=2"}],"curies":[{"name":"wp","href":"https:\/\/api.w.org\/{rel}","templated":true}]}}