{"id":34,"date":"2017-08-31T19:14:56","date_gmt":"2017-08-31T19:14:56","guid":{"rendered":"http:\/\/www.ferien-wohnung-schoemberg.de\/wp-fws\/?page_id=34"},"modified":"2025-08-20T19:11:21","modified_gmt":"2025-08-20T19:11:21","slug":"schoemberg-kennenlernen","status":"publish","type":"page","link":"https:\/\/www.ferien-wohnung-schoemberg.de\/wp-fws\/","title":{"rendered":"Titelseite"},"content":{"rendered":"<h2>Ferienwohnung<\/h2>\n<p>Suchen Sie eine Ferienwohnung im idyllisch gelegenen St\u00e4dtchen Sch\u00f6mberg mit Herz? M\u00f6chten Sie dem Alltagsstress entkommen und einfach mal etwas Neues kennenlernen? Dann sind Sie hier f\u00fcndig geworden.<\/p>\n<p><img loading=\"lazy\" decoding=\"async\" class=\"alignnone wp-image-274 size-large\" src=\"https:\/\/www.ferien-wohnung-schoemberg.de\/wp-fws\/wp-content\/uploads\/Aussenansicht-1024x826.jpg\" alt=\"\" width=\"525\" height=\"423\" srcset=\"https:\/\/www.ferien-wohnung-schoemberg.de\/wp-fws\/wp-content\/uploads\/Aussenansicht-1024x826.jpg 1024w, https:\/\/www.ferien-wohnung-schoemberg.de\/wp-fws\/wp-content\/uploads\/Aussenansicht-300x242.jpg 300w, https:\/\/www.ferien-wohnung-schoemberg.de\/wp-fws\/wp-content\/uploads\/Aussenansicht-768x619.jpg 768w, https:\/\/www.ferien-wohnung-schoemberg.de\/wp-fws\/wp-content\/uploads\/Aussenansicht-1536x1239.jpg 1536w, https:\/\/www.ferien-wohnung-schoemberg.de\/wp-fws\/wp-content\/uploads\/Aussenansicht-2048x1652.jpg 2048w\" sizes=\"auto, (max-width: 525px) 100vw, 525px\" \/><\/p>\n<p>Die \u00fcber 90 m\u00b2 gro\u00dfe Ferienwohnung mit 3 Schlafzimmer befindet sich in ruhiger Wohnlage und bietet Platz f\u00fcr max. 5 Personen. Sie ist modern eingerichtetund l\u00e4sst kaum W\u00fcnsche offen (<a href=\"https:\/\/www.ferien-wohnung-schoemberg.de\/wp-fws\/bilder\/\">siehe Bilder<\/a>) .<\/p>\n<p><img loading=\"lazy\" decoding=\"async\" class=\"alignnone wp-image-181 size-large\" src=\"https:\/\/www.ferien-wohnung-schoemberg.de\/wp-fws\/wp-content\/uploads\/Unbenannt-1024x575.jpg\" alt=\"\" width=\"525\" height=\"295\" srcset=\"https:\/\/www.ferien-wohnung-schoemberg.de\/wp-fws\/wp-content\/uploads\/Unbenannt-1024x575.jpg 1024w, https:\/\/www.ferien-wohnung-schoemberg.de\/wp-fws\/wp-content\/uploads\/Unbenannt-300x169.jpg 300w, https:\/\/www.ferien-wohnung-schoemberg.de\/wp-fws\/wp-content\/uploads\/Unbenannt-768x432.jpg 768w\" sizes=\"auto, (max-width: 525px) 100vw, 525px\" \/><\/p>\n<p>Sch\u00f6mberg im Zollernalbkreis hat einiges zu bieten. So l\u00e4dt z.B. der nahegelegene Stausee zum Spazieren oder Baden ein.<\/p>\n<p><img loading=\"lazy\" decoding=\"async\" class=\"alignnone wp-image-27 size-large\" src=\"https:\/\/www.ferien-wohnung-schoemberg.de\/wp-fws\/wp-content\/uploads\/20170829_152956-1024x576.jpg\" alt=\"Der Stausee l\u00e4dt zum Baden ein.\" width=\"525\" height=\"295\" srcset=\"https:\/\/www.ferien-wohnung-schoemberg.de\/wp-fws\/wp-content\/uploads\/20170829_152956-1024x576.jpg 1024w, https:\/\/www.ferien-wohnung-schoemberg.de\/wp-fws\/wp-content\/uploads\/20170829_152956-300x169.jpg 300w, https:\/\/www.ferien-wohnung-schoemberg.de\/wp-fws\/wp-content\/uploads\/20170829_152956-768x432.jpg 768w\" sizes=\"auto, (max-width: 525px) 100vw, 525px\" \/><\/p>\n<p>Eine kleine Wanderung gef\u00e4llig? Dann nehmen Sie sich doch die Tour zum Plettenberg, oder einen der weiteren 10 Tausender der Region (<a href=\"http:\/\/www.region-der-zehn-tausender.de\">www.region-der-zehn-tausender.de<\/a>), als lohnendes Tagesziel vor.<\/p>\n<p><img loading=\"lazy\" decoding=\"async\" class=\"alignnone wp-image-174 size-large\" src=\"https:\/\/www.ferien-wohnung-schoemberg.de\/wp-fws\/wp-content\/uploads\/IMG_20170923_100712860-1024x576.jpg\" alt=\"\" width=\"525\" height=\"295\" srcset=\"https:\/\/www.ferien-wohnung-schoemberg.de\/wp-fws\/wp-content\/uploads\/IMG_20170923_100712860-1024x576.jpg 1024w, https:\/\/www.ferien-wohnung-schoemberg.de\/wp-fws\/wp-content\/uploads\/IMG_20170923_100712860-300x169.jpg 300w, https:\/\/www.ferien-wohnung-schoemberg.de\/wp-fws\/wp-content\/uploads\/IMG_20170923_100712860-768x432.jpg 768w\" sizes=\"auto, (max-width: 525px) 100vw, 525px\" \/><\/p>\n<p>Danach l\u00e4dt die vielseitige Gastronomie in und um Sch\u00f6mberg zum Genie\u00dfen oder Verweilen ein.<\/p>\n<p><img loading=\"lazy\" decoding=\"async\" class=\"alignnone wp-image-138 size-large\" src=\"https:\/\/www.ferien-wohnung-schoemberg.de\/wp-fws\/wp-content\/uploads\/IMG_5333-1024x575.jpg\" alt=\"\" width=\"525\" height=\"295\" srcset=\"https:\/\/www.ferien-wohnung-schoemberg.de\/wp-fws\/wp-content\/uploads\/IMG_5333-1024x575.jpg 1024w, https:\/\/www.ferien-wohnung-schoemberg.de\/wp-fws\/wp-content\/uploads\/IMG_5333-300x169.jpg 300w, https:\/\/www.ferien-wohnung-schoemberg.de\/wp-fws\/wp-content\/uploads\/IMG_5333-768x432.jpg 768w\" sizes=\"auto, (max-width: 525px) 100vw, 525px\" \/><\/p>\n<p>Ein weiteres Highlight ist die Fahrt mit einem Wanderzug der Hohenzollerischen Landesbahn (<a href=\"http:\/\/www.hzl-online.de\/\">www.hzl-online.de<\/a>) an Sonn- und Feiertagen zwischen Mai bis Oktober.<\/p>\n<p>Wir freuen uns Sie bald hier begr\u00fc\u00dfen zu d\u00fcrfen.<\/p>\n<h2>Weitere Informationen<\/h2>\n<ul>\n<li><a href=\"https:\/\/www.ferien-wohnung-schoemberg.de\/wp-fws\/bilder\/\">Anfahrt<\/a><\/li>\n<li><a href=\"https:\/\/www.ferien-wohnung-schoemberg.de\/wp-fws\/sample-page\/\">Reservierung<\/a><\/li>\n<\/ul>\n<h2>Weitere Sehensw\u00fcrdigkeiten<\/h2>\n<ul>\n<li><a href=\"http:\/\/www.kohlraisle.de\/barfusspfad.php\">Barfusspark Tieringen<\/a><\/li>\n<li><a href=\"https:\/\/www.holcim.de\/de\/fossilienmuseum\">Fossilienmuseum<\/a><\/li>\n<li><a href=\"http:\/\/www.burg-hohenzollern.com\">Burg Hohenzollern<\/a><\/li>\n<li><a href=\"https:\/\/testturm.tkelevator.com\/global-de\/\">Thyssenkrupp Testturm<\/a><\/li>\n<li><a href=\"https:\/\/www.nz-schoemberg.de\/\">Sch\u00f6mberger Fasnet<\/a><\/li>\n<li><a href=\"https:\/\/www.sav-gosheim.de\/lemberg\/lembergturm\/\">Lembergturm<\/a><\/li>\n<li><a href=\"http:\/\/www.hzl-online.de\/\">Wanderzug<\/a><\/li>\n<li><a href=\"https:\/\/wallfahrtsort-palmbuehl.drs.de\/\">Wallfahrtskirche Palmb\u00fchl<\/a><\/li>\n<\/ul>\n","protected":false},"excerpt":{"rendered":"<p>Ferienwohnung Suchen Sie eine Ferienwohnung im idyllisch gelegenen St\u00e4dtchen Sch\u00f6mberg mit Herz? M\u00f6chten Sie dem Alltagsstress entkommen und einfach mal etwas Neues kennenlernen? Dann sind Sie hier f\u00fcndig geworden. Die \u00fcber 90 m\u00b2 gro\u00dfe Ferienwohnung mit 3 Schlafzimmer befindet sich in ruhiger Wohnlage und bietet Platz f\u00fcr max. 5 Personen. Sie ist modern eingerichtetund l\u00e4sst &hellip; <\/p>\n<p class=\"link-more\"><a href=\"https:\/\/www.ferien-wohnung-schoemberg.de\/wp-fws\/\" class=\"more-link\"><span class=\"screen-reader-text\">\u201eTitelseite\u201c <\/span>weiterlesen<\/a><\/p>\n","protected":false},"author":1,"featured_media":0,"parent":0,"menu_order":1,"comment_status":"closed","ping_status":"closed","template":"","meta":{"footnotes":""},"class_list":["post-34","page","type-page","status-publish","hentry"],"_links":{"self":[{"href":"https:\/\/www.ferien-wohnung-schoemberg.de\/wp-fws\/wp-json\/wp\/v2\/pages\/34","targetHints":{"allow":["GET"]}}],"collection":[{"href":"https:\/\/www.ferien-wohnung-schoemberg.de\/wp-fws\/wp-json\/wp\/v2\/pages"}],"about":[{"href":"https:\/\/www.ferien-wohnung-schoemberg.de\/wp-fws\/wp-json\/wp\/v2\/types\/page"}],"author":[{"embeddable":true,"href":"https:\/\/www.ferien-wohnung-schoemberg.de\/wp-fws\/wp-json\/wp\/v2\/users\/1"}],"replies":[{"embeddable":true,"href":"https:\/\/www.ferien-wohnung-schoemberg.de\/wp-fws\/wp-json\/wp\/v2\/comments?post=34"}],"version-history":[{"count":52,"href":"https:\/\/www.ferien-wohnung-schoemberg.de\/wp-fws\/wp-json\/wp\/v2\/pages\/34\/revisions"}],"predecessor-version":[{"id":288,"href":"https:\/\/www.ferien-wohnung-schoemberg.de\/wp-fws\/wp-json\/wp\/v2\/pages\/34\/revisions\/288"}],"wp:attachment":[{"href":"https:\/\/www.ferien-wohnung-schoemberg.de\/wp-fws\/wp-json\/wp\/v2\/media?parent=34"}],"curies":[{"name":"wp","href":"https:\/\/api.w.org\/{rel}","templated":true}]}}