{"id":37,"date":"2017-08-31T19:22:50","date_gmt":"2017-08-31T19:22:50","guid":{"rendered":"http:\/\/www.ferien-wohnung-schoemberg.de\/wp-fws\/?page_id=37"},"modified":"2025-08-20T19:19:00","modified_gmt":"2025-08-20T19:19:00","slug":"bilder","status":"publish","type":"page","link":"https:\/\/www.ferien-wohnung-schoemberg.de\/wp-fws\/bilder\/","title":{"rendered":"Ferienwohnung"},"content":{"rendered":"<h2>Bilder der Ferienwohnung<\/h2>\n<p>Die Ferienwohnung bietet Platz f\u00fcr bis zu 5 Personen und ist modern eingerichtet. Internetzugang steht kostenlos per WLAN zur Verf\u00fcgung.<\/p>\n<div id=\"metaslider-id-289\" style=\"width: 100%;\" class=\"ml-slider-3-107-0 metaslider metaslider-flex metaslider-289 ml-slider has-dots-nav ms-theme-default-base\" role=\"region\" aria-label=\"New Slideshow\" data-height=\"530\" data-width=\"700\">\n    <div id=\"metaslider_container_289\">\n        <div id=\"metaslider_289\">\n            <ul aria-live='off' class='slides'>\n                <li style=\"display: block; width: 100%;\" class=\"slide-290 ms-image \" aria-roledescription=\"slide\" data-date=\"2025-08-20 19:14:03\" data-filename=\"Aussenansicht-scaled-700x530.jpg\" data-slide-type=\"image\"><img loading=\"lazy\" decoding=\"async\" src=\"https:\/\/www.ferien-wohnung-schoemberg.de\/wp-fws\/wp-content\/uploads\/Aussenansicht-scaled-700x530.jpg\" height=\"530\" width=\"700\" alt=\"\" class=\"slider-289 slide-290 msDefaultImage\" title=\"Aussenansicht\" \/><\/li>\n                <li style=\"display: none; width: 100%;\" class=\"slide-291 ms-image \" aria-roledescription=\"slide\" data-date=\"2025-08-20 19:14:53\" data-filename=\"Essen-scaled-700x530.jpg\" data-slide-type=\"image\"><img loading=\"lazy\" decoding=\"async\" src=\"https:\/\/www.ferien-wohnung-schoemberg.de\/wp-fws\/wp-content\/uploads\/Essen-scaled-700x530.jpg\" height=\"530\" width=\"700\" alt=\"\" class=\"slider-289 slide-291 msDefaultImage\" title=\"Essen\" \/><\/li>\n                <li style=\"display: none; width: 100%;\" class=\"slide-295 ms-image \" aria-roledescription=\"slide\" data-date=\"2025-08-20 19:22:28\" data-filename=\"wohnen-scaled-700x530.jpg\" data-slide-type=\"image\"><img loading=\"lazy\" decoding=\"async\" src=\"https:\/\/www.ferien-wohnung-schoemberg.de\/wp-fws\/wp-content\/uploads\/wohnen-scaled-700x530.jpg\" height=\"530\" width=\"700\" alt=\"\" class=\"slider-289 slide-295 msDefaultImage\" title=\"Wohnen\" \/><\/li>\n                <li style=\"display: none; width: 100%;\" class=\"slide-296 ms-image \" aria-roledescription=\"slide\" data-date=\"2025-08-20 19:22:53\" data-filename=\"Balkon-scaled-700x530.jpg\" data-slide-type=\"image\"><img loading=\"lazy\" decoding=\"async\" src=\"https:\/\/www.ferien-wohnung-schoemberg.de\/wp-fws\/wp-content\/uploads\/Balkon-scaled-700x530.jpg\" height=\"530\" width=\"700\" alt=\"\" class=\"slider-289 slide-296 msDefaultImage\" title=\"Balkon\" \/><\/li>\n                <li style=\"display: none; width: 100%;\" class=\"slide-297 ms-image \" aria-roledescription=\"slide\" data-date=\"2025-08-20 19:23:57\" data-filename=\"schlafen-1-scaled-700x530.jpg\" data-slide-type=\"image\"><img loading=\"lazy\" decoding=\"async\" src=\"https:\/\/www.ferien-wohnung-schoemberg.de\/wp-fws\/wp-content\/uploads\/schlafen-1-scaled-700x530.jpg\" height=\"530\" width=\"700\" alt=\"\" class=\"slider-289 slide-297 msDefaultImage\" title=\"schlafen 1\" \/><\/li>\n                <li style=\"display: none; width: 100%;\" class=\"slide-298 ms-image \" aria-roledescription=\"slide\" data-date=\"2025-08-20 19:23:58\" data-filename=\"Schlafen-3-scaled-700x530.jpg\" data-slide-type=\"image\"><img loading=\"lazy\" decoding=\"async\" src=\"https:\/\/www.ferien-wohnung-schoemberg.de\/wp-fws\/wp-content\/uploads\/Schlafen-3-scaled-700x530.jpg\" height=\"530\" width=\"700\" alt=\"\" class=\"slider-289 slide-298 msDefaultImage\" title=\"Schlafen 3\" \/><\/li>\n                <li style=\"display: none; width: 100%;\" class=\"slide-299 ms-image \" aria-roledescription=\"slide\" data-date=\"2025-08-20 19:23:58\" data-filename=\"schlafen-2-scaled-700x530.jpg\" data-slide-type=\"image\"><img loading=\"lazy\" decoding=\"async\" src=\"https:\/\/www.ferien-wohnung-schoemberg.de\/wp-fws\/wp-content\/uploads\/schlafen-2-scaled-700x530.jpg\" height=\"530\" width=\"700\" alt=\"\" class=\"slider-289 slide-299 msDefaultImage\" title=\"schlafen 2\" \/><\/li>\n                <li style=\"display: none; width: 100%;\" class=\"slide-300 ms-image \" aria-roledescription=\"slide\" data-date=\"2025-08-20 19:23:58\" data-filename=\"WC-scaled-700x530.jpg\" data-slide-type=\"image\"><img loading=\"lazy\" decoding=\"async\" src=\"https:\/\/www.ferien-wohnung-schoemberg.de\/wp-fws\/wp-content\/uploads\/WC-scaled-700x530.jpg\" height=\"530\" width=\"700\" alt=\"\" class=\"slider-289 slide-300 msDefaultImage\" title=\"WC\" \/><\/li>\n                <li style=\"display: none; width: 100%;\" class=\"slide-302 ms-image \" aria-roledescription=\"slide\" data-date=\"2025-08-20 19:23:58\" data-filename=\"Bad-1-scaled-700x530.jpg\" data-slide-type=\"image\"><img loading=\"lazy\" decoding=\"async\" src=\"https:\/\/www.ferien-wohnung-schoemberg.de\/wp-fws\/wp-content\/uploads\/Bad-1-scaled-700x530.jpg\" height=\"530\" width=\"700\" alt=\"\" class=\"slider-289 slide-302 msDefaultImage\" title=\"Bad 1\" \/><\/li>\n                <li style=\"display: none; width: 100%;\" class=\"slide-301 ms-image \" aria-roledescription=\"slide\" data-date=\"2025-08-20 19:23:58\" data-filename=\"Bad-2-scaled-700x530.jpg\" data-slide-type=\"image\"><img loading=\"lazy\" decoding=\"async\" src=\"https:\/\/www.ferien-wohnung-schoemberg.de\/wp-fws\/wp-content\/uploads\/Bad-2-scaled-700x530.jpg\" height=\"530\" width=\"700\" alt=\"\" class=\"slider-289 slide-301 msDefaultImage\" title=\"Bad 2\" \/><\/li>\n            <\/ul>\n        <\/div>\n        \n    <\/div>\n<\/div>\n<p>Die Ortsmitte und der Stausee sind zu Fu\u00df in ca. 5 Minuten erreichbar. In unmittelbarer N\u00e4he befinden sich diverse Einkaufsm\u00f6glichkeiten wie B\u00e4ckerei, Supermarkt usw.<\/p>\n<h2>Preis<\/h2>\n<p>Der Basispreis f\u00fcr 2 Personen betr\u00e4gt 60\u20ac pro Tag. Jede weitere Person kostet 20\u20ac Aufpreis. Kinder 1\u20ac pro Tag und Lebensjahr. F\u00fcr die Endreinigung der Ferienwohnung sind zus\u00e4tzlich 80\u20ac zu entrichten.<\/p>\n<p>Haben Sie noch Fragen? <a href=\"https:\/\/www.ferien-wohnung-schoemberg.de\/wp-fws\/sample-page\/\">Kontaktieren<\/a> Sie uns doch einfach.<\/p>\n<h2>Grundriss<\/h2>\n<p><img loading=\"lazy\" decoding=\"async\" class=\"alignnone wp-image-251 size-large\" src=\"https:\/\/www.ferien-wohnung-schoemberg.de\/wp-fws\/wp-content\/uploads\/2021_05_17-DG-scaled-e1629189714912-1024x871.jpg\" alt=\"\" width=\"525\" height=\"447\" srcset=\"https:\/\/www.ferien-wohnung-schoemberg.de\/wp-fws\/wp-content\/uploads\/2021_05_17-DG-scaled-e1629189714912-1024x871.jpg 1024w, https:\/\/www.ferien-wohnung-schoemberg.de\/wp-fws\/wp-content\/uploads\/2021_05_17-DG-scaled-e1629189714912-300x255.jpg 300w, https:\/\/www.ferien-wohnung-schoemberg.de\/wp-fws\/wp-content\/uploads\/2021_05_17-DG-scaled-e1629189714912-768x653.jpg 768w, https:\/\/www.ferien-wohnung-schoemberg.de\/wp-fws\/wp-content\/uploads\/2021_05_17-DG-scaled-e1629189714912-1536x1307.jpg 1536w, https:\/\/www.ferien-wohnung-schoemberg.de\/wp-fws\/wp-content\/uploads\/2021_05_17-DG-scaled-e1629189714912-2048x1742.jpg 2048w\" sizes=\"auto, (max-width: 525px) 100vw, 525px\" \/><\/p>\n","protected":false},"excerpt":{"rendered":"<p>Bilder der Ferienwohnung Die Ferienwohnung bietet Platz f\u00fcr bis zu 5 Personen und ist modern eingerichtet. Internetzugang steht kostenlos per WLAN zur Verf\u00fcgung. Die Ortsmitte und der Stausee sind zu Fu\u00df in ca. 5 Minuten erreichbar. In unmittelbarer N\u00e4he befinden sich diverse Einkaufsm\u00f6glichkeiten wie B\u00e4ckerei, Supermarkt usw. Preis Der Basispreis f\u00fcr 2 Personen betr\u00e4gt 60\u20ac &hellip; <\/p>\n<p class=\"link-more\"><a href=\"https:\/\/www.ferien-wohnung-schoemberg.de\/wp-fws\/bilder\/\" class=\"more-link\"><span class=\"screen-reader-text\">\u201eFerienwohnung\u201c <\/span>weiterlesen<\/a><\/p>\n","protected":false},"author":1,"featured_media":0,"parent":0,"menu_order":2,"comment_status":"closed","ping_status":"closed","template":"","meta":{"footnotes":""},"class_list":["post-37","page","type-page","status-publish","hentry"],"_links":{"self":[{"href":"https:\/\/www.ferien-wohnung-schoemberg.de\/wp-fws\/wp-json\/wp\/v2\/pages\/37","targetHints":{"allow":["GET"]}}],"collection":[{"href":"https:\/\/www.ferien-wohnung-schoemberg.de\/wp-fws\/wp-json\/wp\/v2\/pages"}],"about":[{"href":"https:\/\/www.ferien-wohnung-schoemberg.de\/wp-fws\/wp-json\/wp\/v2\/types\/page"}],"author":[{"embeddable":true,"href":"https:\/\/www.ferien-wohnung-schoemberg.de\/wp-fws\/wp-json\/wp\/v2\/users\/1"}],"replies":[{"embeddable":true,"href":"https:\/\/www.ferien-wohnung-schoemberg.de\/wp-fws\/wp-json\/wp\/v2\/comments?post=37"}],"version-history":[{"count":47,"href":"https:\/\/www.ferien-wohnung-schoemberg.de\/wp-fws\/wp-json\/wp\/v2\/pages\/37\/revisions"}],"predecessor-version":[{"id":294,"href":"https:\/\/www.ferien-wohnung-schoemberg.de\/wp-fws\/wp-json\/wp\/v2\/pages\/37\/revisions\/294"}],"wp:attachment":[{"href":"https:\/\/www.ferien-wohnung-schoemberg.de\/wp-fws\/wp-json\/wp\/v2\/media?parent=37"}],"curies":[{"name":"wp","href":"https:\/\/api.w.org\/{rel}","templated":true}]}}